{"id":105440,"date":"2017-03-02T12:36:03","date_gmt":"2017-03-02T09:36:03","guid":{"rendered":"http:\/\/indrumari-juridice.eu\/indrumarijuridice\/?page_id=105440"},"modified":"2018-03-29T15:28:53","modified_gmt":"2018-03-29T12:28:53","slug":"cum-contest-o-amenda-primita-de-la-inspectoratul-de-stat-pentru-controlul-transport-rutier-avocat-cuculis","status":"publish","type":"page","link":"https:\/\/indrumari-juridice.eu\/indrumarijuridice\/cum-contest-o-amenda-primita-de-la-inspectoratul-de-stat-pentru-controlul-transport-rutier-avocat-cuculis\/","title":{"rendered":"Cum Contest O Amenda Primita De La Inspectoratul De Stat Pentru Controlul  In Transport Rutier-Avocat Cuculis"},"content":{"rendered":"<h2 class=\"first-child \">Cum Contest O Amenda Primita De La ISCTR<\/h2>\n<p>&nbsp;<\/p>\n<p class=\"first-child \"><span class=\"cap\" title=\"V\">V<\/span>\u0103 inform\u0103m ca \u00een HG 69\/2011 sunt prev\u0103zute urm\u0103toarele tipuri de \u00eenc\u0103lc\u0103ri:<\/p>\n<p>a) \u00eenc\u0103lc\u0103ri foarte grave care se sanc\u0163ioneaz\u0103 cu amend\u0103 de la 14.000 lei la 18.000 lei;<\/p>\n<p>b) \u00eenc\u0103lc\u0103ri grave care se sanc\u0163ioneaz\u0103 cu amend\u0103 de la 8.000 lei la 12.000 lei;<\/p>\n<p>c) \u00eenc\u0103lc\u0103ri minore care se sanc\u0163ioneaz\u0103 cu amend\u0103 de la 3.000 lei la 6.000 lei.<\/p>\n<p><strong>Sanc\u0163iunile se aplic\u0103:<\/strong><\/p>\n<p>a) operatorului de transport rutier sau \u00eentreprinderii de transport rutier \u00een cont propriu rom\u00e2n\/rom\u00e2ne ori str\u0103in\/str\u0103ine sau persoanei fizice\/juridice, dup\u0103 caz;<\/p>\n<p>b) conduc\u0103torului auto rom\u00e2n sau str\u0103in, dup\u0103 caz;<\/p>\n<p>c) operatorului economic care desf\u0103\u015foar\u0103 activit\u0103\u0163i conexe transportului rutier\/persoanei fizice sau juridice, dup\u0103 caz;<\/p>\n<p>d) \u015fcolii de conduc\u0103tori auto\/instructorului auto autorizat\/persoanei fizice sau juridice, dup\u0103 caz;<\/p>\n<p>e) centrului de preg\u0103tire \u015fi perfec\u0163ionare a personalului de specialitate din domeniul transporturilor rutiere\/persoanei fizice sau juridice, dup\u0103 caz;<\/p>\n<p>f) persoanei care utilizeaz\u0103 legitima\u0163iile de c\u0103l\u0103torie tip card f\u0103r\u0103 drept sau \u00een alte condi\u0163ii dec\u00e2t cele reglementate de legisla\u0163ia \u00een vigoare;<\/p>\n<p>g) furnizorului sau beneficiarului de bunuri divizibile, dup\u0103 caz.<\/p>\n<p><strong>Motive:<\/strong><\/p>\n<p>O.G. 2\/2001 privind regimul juridic al contraventiilor consacra expres in art. 17 motivele care atrag nulitatea procesului verbal: lipsa mentiunilor privind numele, prenumele si calitatea agentului constatator, numele si prenumele contravenientului, a faptei savarsite si a datei comiterii acesteia sau a semnaturii agentului constatator.<\/p>\n<p>Referirea la faptul ca nulitatea se constata si din oficiu, ma face sa cred ca in mod clar e vorba de o nulitate absoluta. In afara de art. 17, singura referire expresa in OG 2\/2001 la o cauza de nulitate, apare in art. 16 alin 7, pentru situatia obiectiunilor la procesul verbal, care sub sanctiunea nulitatii trebuie consemnate distinct in procesul verbal la rubrica \u201ealte mentiuni\u201d.<\/p>\n<p>Desi art. 16 alin 1 stabileste care sunt mentiunile ce trebuie cuprinse obligatoriu in procesul verbal, numai lipsa unora din aceste mentiuni(adica cele la care face referire art 17) e sanctionata cu nulitatea.<\/p>\n<p>&nbsp;<\/p>\n<p>Prin urmare, in cazul lipsei celorlalte mentiuni se poate conchide ca, in masura in care legiuitorul nu a inteles sa le sanctioneze expres cu nulitate, lipsa lor nu va conduce la nulitatea procesului verbal?<\/p>\n<p>Sa luam situatia nesemnarii procesului verbal de contravenient. In procesul verbal, agentul constatator mentioneaza imprejurarile care au determinat nesemnarea procesului de contravenient, insa nu apare nicaieri o semnatura unui martor care sa le confirme si nici agentul constatator nu precizeaza motivele ce au dus la incheierea pv fara martor.<\/p>\n<p><strong>Model plangere contraventionala<\/strong><\/p>\n<p>avocat@indrumari-juridice.eu<\/p>\n<p>&nbsp;<\/p>\n<p><a href=\"https:\/\/indrumari-juridice.eu\/contact.html\">Aveti o urgenta juridica? Click pentru formularul de contact &#8211;\u00a0<\/a><\/p>\n","protected":false},"excerpt":{"rendered":"<p>Cum Contest O Amenda Primita De La ISCTR &nbsp; V\u0103 inform\u0103m ca \u00een HG 69\/2011 sunt prev\u0103zute urm\u0103toarele tipuri de \u00eenc\u0103lc\u0103ri: a) \u00eenc\u0103lc\u0103ri foarte grave care se sanc\u0163ioneaz\u0103 cu amend\u0103 de la 14.000 lei la 18.000 lei; b) \u00eenc\u0103lc\u0103ri grave care se sanc\u0163ioneaz\u0103 cu amend\u0103 de la 8.000 lei la 12.000 lei; c) \u00eenc\u0103lc\u0103ri minore [&hellip;]<\/p>\n","protected":false},"author":1,"featured_media":0,"parent":0,"menu_order":0,"comment_status":"closed","ping_status":"closed","template":"","meta":{"footnotes":""},"class_list":["post-105440","page","type-page","status-publish","hentry"],"yoast_head":"<!-- This site is optimized with the Yoast SEO Premium plugin v27.6 (Yoast SEO v27.6) - https:\/\/yoast.com\/product\/yoast-seo-premium-wordpress\/ -->\n<title>Cum Contest O Amenda Primita De La Inspectoratul De Stat Pentru Controlul In Transport Rutier-Avocat Cuculis - Cuculis si Asociatii<\/title>\n<meta name=\"description\" content=\"Cum Contest O Amenda Primita De La Inspectoratul De Stat Pentru Controlul In Transport Rutier-Avocat Cuculis - Cuculis si Asociatii\" \/>\n<meta name=\"robots\" content=\"index, follow, max-snippet:-1, max-image-preview:large, max-video-preview:-1\" \/>\n<link rel=\"canonical\" href=\"https:\/\/indrumari-juridice.eu\/indrumarijuridice\/cum-contest-o-amenda-primita-de-la-inspectoratul-de-stat-pentru-controlul-transport-rutier-avocat-cuculis\/\" \/>\n<meta property=\"og:locale\" content=\"en_US\" \/>\n<meta property=\"og:type\" content=\"article\" \/>\n<meta property=\"og:title\" content=\"Cum Contest O Amenda Primita De La Inspectoratul De Stat Pentru Controlul In Transport Rutier-Avocat Cuculis\" \/>\n<meta property=\"og:description\" content=\"Cum Contest O Amenda Primita De La Inspectoratul De Stat Pentru Controlul In Transport Rutier-Avocat Cuculis - Cuculis si Asociatii\" \/>\n<meta property=\"og:url\" content=\"https:\/\/indrumari-juridice.eu\/indrumarijuridice\/cum-contest-o-amenda-primita-de-la-inspectoratul-de-stat-pentru-controlul-transport-rutier-avocat-cuculis\/\" \/>\n<meta property=\"og:site_name\" content=\"Cuculis si Asociatii\" \/>\n<meta property=\"article:publisher\" content=\"https:\/\/www.facebook.com\/avocatcuculisadrian\" \/>\n<meta property=\"article:modified_time\" content=\"2018-03-29T12:28:53+00:00\" \/>\n<meta name=\"twitter:card\" content=\"summary_large_image\" \/>\n<meta name=\"twitter:site\" content=\"@indrumarij\" \/>\n<meta name=\"twitter:label1\" content=\"Est. reading time\" \/>\n\t<meta name=\"twitter:data1\" content=\"2 minutes\" \/>\n<script type=\"application\/ld+json\" class=\"yoast-schema-graph\">{\"@context\":\"https:\\\/\\\/schema.org\",\"@graph\":[{\"@type\":\"WebPage\",\"@id\":\"https:\\\/\\\/indrumari-juridice.eu\\\/indrumarijuridice\\\/cum-contest-o-amenda-primita-de-la-inspectoratul-de-stat-pentru-controlul-transport-rutier-avocat-cuculis\\\/\",\"url\":\"https:\\\/\\\/indrumari-juridice.eu\\\/indrumarijuridice\\\/cum-contest-o-amenda-primita-de-la-inspectoratul-de-stat-pentru-controlul-transport-rutier-avocat-cuculis\\\/\",\"name\":\"Cum Contest O Amenda Primita De La Inspectoratul De Stat Pentru Controlul In Transport Rutier-Avocat Cuculis - Cuculis si Asociatii\",\"isPartOf\":{\"@id\":\"https:\\\/\\\/indrumari-juridice.eu\\\/indrumarijuridice\\\/#website\"},\"datePublished\":\"2017-03-02T09:36:03+00:00\",\"dateModified\":\"2018-03-29T12:28:53+00:00\",\"description\":\"Cum Contest O Amenda Primita De La Inspectoratul De Stat Pentru Controlul In Transport Rutier-Avocat Cuculis - Cuculis si Asociatii\",\"breadcrumb\":{\"@id\":\"https:\\\/\\\/indrumari-juridice.eu\\\/indrumarijuridice\\\/cum-contest-o-amenda-primita-de-la-inspectoratul-de-stat-pentru-controlul-transport-rutier-avocat-cuculis\\\/#breadcrumb\"},\"inLanguage\":\"en-US\",\"potentialAction\":[{\"@type\":\"ReadAction\",\"target\":[\"https:\\\/\\\/indrumari-juridice.eu\\\/indrumarijuridice\\\/cum-contest-o-amenda-primita-de-la-inspectoratul-de-stat-pentru-controlul-transport-rutier-avocat-cuculis\\\/\"]}]},{\"@type\":\"BreadcrumbList\",\"@id\":\"https:\\\/\\\/indrumari-juridice.eu\\\/indrumarijuridice\\\/cum-contest-o-amenda-primita-de-la-inspectoratul-de-stat-pentru-controlul-transport-rutier-avocat-cuculis\\\/#breadcrumb\",\"itemListElement\":[{\"@type\":\"ListItem\",\"position\":1,\"name\":\"Home\",\"item\":\"https:\\\/\\\/indrumari-juridice.eu\\\/indrumarijuridice\\\/\"},{\"@type\":\"ListItem\",\"position\":2,\"name\":\"Cum Contest O Amenda Primita De La Inspectoratul De Stat Pentru Controlul In Transport Rutier-Avocat Cuculis\"}]},{\"@type\":\"WebSite\",\"@id\":\"https:\\\/\\\/indrumari-juridice.eu\\\/indrumarijuridice\\\/#website\",\"url\":\"https:\\\/\\\/indrumari-juridice.eu\\\/indrumarijuridice\\\/\",\"name\":\"Cuculis si Asociatii\",\"description\":\"Birou de avocatura - Societatea De Avocati Cuculis&amp;Asociatii Indrumari Juridice Online Gratuite 031.412.48.88\",\"publisher\":{\"@id\":\"https:\\\/\\\/indrumari-juridice.eu\\\/indrumarijuridice\\\/#organization\"},\"potentialAction\":[{\"@type\":\"SearchAction\",\"target\":{\"@type\":\"EntryPoint\",\"urlTemplate\":\"https:\\\/\\\/indrumari-juridice.eu\\\/indrumarijuridice\\\/?s={search_term_string}\"},\"query-input\":{\"@type\":\"PropertyValueSpecification\",\"valueRequired\":true,\"valueName\":\"search_term_string\"}}],\"inLanguage\":\"en-US\"},{\"@type\":\"Organization\",\"@id\":\"https:\\\/\\\/indrumari-juridice.eu\\\/indrumarijuridice\\\/#organization\",\"name\":\"Societatea de Avocati Birou de Avocatura Cuculis si Asociatii\",\"url\":\"https:\\\/\\\/indrumari-juridice.eu\\\/indrumarijuridice\\\/\",\"logo\":{\"@type\":\"ImageObject\",\"inLanguage\":\"en-US\",\"@id\":\"https:\\\/\\\/indrumari-juridice.eu\\\/indrumarijuridice\\\/#\\\/schema\\\/logo\\\/image\\\/\",\"url\":\"https:\\\/\\\/indrumari-juridice.eu\\\/indrumarijuridice\\\/wp-content\\\/uploads\\\/2018\\\/06\\\/logo-cuculis-kg.jpg\",\"contentUrl\":\"https:\\\/\\\/indrumari-juridice.eu\\\/indrumarijuridice\\\/wp-content\\\/uploads\\\/2018\\\/06\\\/logo-cuculis-kg.jpg\",\"width\":370,\"height\":71,\"caption\":\"Societatea de Avocati Birou de Avocatura Cuculis si Asociatii\"},\"image\":{\"@id\":\"https:\\\/\\\/indrumari-juridice.eu\\\/indrumarijuridice\\\/#\\\/schema\\\/logo\\\/image\\\/\"},\"sameAs\":[\"https:\\\/\\\/www.facebook.com\\\/avocatcuculisadrian\",\"https:\\\/\\\/x.com\\\/indrumarij\",\"https:\\\/\\\/www.youtube.com\\\/user\\\/IndrumariJuridice\"]}]}<\/script>\n<!-- \/ Yoast SEO Premium plugin. -->","yoast_head_json":{"title":"Cum Contest O Amenda Primita De La Inspectoratul De Stat Pentru Controlul In Transport Rutier-Avocat Cuculis - Cuculis si Asociatii","description":"Cum Contest O Amenda Primita De La Inspectoratul De Stat Pentru Controlul In Transport Rutier-Avocat Cuculis - Cuculis si Asociatii","robots":{"index":"index","follow":"follow","max-snippet":"max-snippet:-1","max-image-preview":"max-image-preview:large","max-video-preview":"max-video-preview:-1"},"canonical":"https:\/\/indrumari-juridice.eu\/indrumarijuridice\/cum-contest-o-amenda-primita-de-la-inspectoratul-de-stat-pentru-controlul-transport-rutier-avocat-cuculis\/","og_locale":"en_US","og_type":"article","og_title":"Cum Contest O Amenda Primita De La Inspectoratul De Stat Pentru Controlul In Transport Rutier-Avocat Cuculis","og_description":"Cum Contest O Amenda Primita De La Inspectoratul De Stat Pentru Controlul In Transport Rutier-Avocat Cuculis - Cuculis si Asociatii","og_url":"https:\/\/indrumari-juridice.eu\/indrumarijuridice\/cum-contest-o-amenda-primita-de-la-inspectoratul-de-stat-pentru-controlul-transport-rutier-avocat-cuculis\/","og_site_name":"Cuculis si Asociatii","article_publisher":"https:\/\/www.facebook.com\/avocatcuculisadrian","article_modified_time":"2018-03-29T12:28:53+00:00","twitter_card":"summary_large_image","twitter_site":"@indrumarij","twitter_misc":{"Est. reading time":"2 minutes"},"schema":{"@context":"https:\/\/schema.org","@graph":[{"@type":"WebPage","@id":"https:\/\/indrumari-juridice.eu\/indrumarijuridice\/cum-contest-o-amenda-primita-de-la-inspectoratul-de-stat-pentru-controlul-transport-rutier-avocat-cuculis\/","url":"https:\/\/indrumari-juridice.eu\/indrumarijuridice\/cum-contest-o-amenda-primita-de-la-inspectoratul-de-stat-pentru-controlul-transport-rutier-avocat-cuculis\/","name":"Cum Contest O Amenda Primita De La Inspectoratul De Stat Pentru Controlul In Transport Rutier-Avocat Cuculis - Cuculis si Asociatii","isPartOf":{"@id":"https:\/\/indrumari-juridice.eu\/indrumarijuridice\/#website"},"datePublished":"2017-03-02T09:36:03+00:00","dateModified":"2018-03-29T12:28:53+00:00","description":"Cum Contest O Amenda Primita De La Inspectoratul De Stat Pentru Controlul In Transport Rutier-Avocat Cuculis - Cuculis si Asociatii","breadcrumb":{"@id":"https:\/\/indrumari-juridice.eu\/indrumarijuridice\/cum-contest-o-amenda-primita-de-la-inspectoratul-de-stat-pentru-controlul-transport-rutier-avocat-cuculis\/#breadcrumb"},"inLanguage":"en-US","potentialAction":[{"@type":"ReadAction","target":["https:\/\/indrumari-juridice.eu\/indrumarijuridice\/cum-contest-o-amenda-primita-de-la-inspectoratul-de-stat-pentru-controlul-transport-rutier-avocat-cuculis\/"]}]},{"@type":"BreadcrumbList","@id":"https:\/\/indrumari-juridice.eu\/indrumarijuridice\/cum-contest-o-amenda-primita-de-la-inspectoratul-de-stat-pentru-controlul-transport-rutier-avocat-cuculis\/#breadcrumb","itemListElement":[{"@type":"ListItem","position":1,"name":"Home","item":"https:\/\/indrumari-juridice.eu\/indrumarijuridice\/"},{"@type":"ListItem","position":2,"name":"Cum Contest O Amenda Primita De La Inspectoratul De Stat Pentru Controlul In Transport Rutier-Avocat Cuculis"}]},{"@type":"WebSite","@id":"https:\/\/indrumari-juridice.eu\/indrumarijuridice\/#website","url":"https:\/\/indrumari-juridice.eu\/indrumarijuridice\/","name":"Cuculis si Asociatii","description":"Birou de avocatura - Societatea De Avocati Cuculis&amp;Asociatii Indrumari Juridice Online Gratuite 031.412.48.88","publisher":{"@id":"https:\/\/indrumari-juridice.eu\/indrumarijuridice\/#organization"},"potentialAction":[{"@type":"SearchAction","target":{"@type":"EntryPoint","urlTemplate":"https:\/\/indrumari-juridice.eu\/indrumarijuridice\/?s={search_term_string}"},"query-input":{"@type":"PropertyValueSpecification","valueRequired":true,"valueName":"search_term_string"}}],"inLanguage":"en-US"},{"@type":"Organization","@id":"https:\/\/indrumari-juridice.eu\/indrumarijuridice\/#organization","name":"Societatea de Avocati Birou de Avocatura Cuculis si Asociatii","url":"https:\/\/indrumari-juridice.eu\/indrumarijuridice\/","logo":{"@type":"ImageObject","inLanguage":"en-US","@id":"https:\/\/indrumari-juridice.eu\/indrumarijuridice\/#\/schema\/logo\/image\/","url":"https:\/\/indrumari-juridice.eu\/indrumarijuridice\/wp-content\/uploads\/2018\/06\/logo-cuculis-kg.jpg","contentUrl":"https:\/\/indrumari-juridice.eu\/indrumarijuridice\/wp-content\/uploads\/2018\/06\/logo-cuculis-kg.jpg","width":370,"height":71,"caption":"Societatea de Avocati Birou de Avocatura Cuculis si Asociatii"},"image":{"@id":"https:\/\/indrumari-juridice.eu\/indrumarijuridice\/#\/schema\/logo\/image\/"},"sameAs":["https:\/\/www.facebook.com\/avocatcuculisadrian","https:\/\/x.com\/indrumarij","https:\/\/www.youtube.com\/user\/IndrumariJuridice"]}]}},"jetpack_shortlink":"https:\/\/wp.me\/P3Vc4J-rqE","jetpack_sharing_enabled":true,"_links":{"self":[{"href":"https:\/\/indrumari-juridice.eu\/indrumarijuridice\/wp-json\/wp\/v2\/pages\/105440","targetHints":{"allow":["GET"]}}],"collection":[{"href":"https:\/\/indrumari-juridice.eu\/indrumarijuridice\/wp-json\/wp\/v2\/pages"}],"about":[{"href":"https:\/\/indrumari-juridice.eu\/indrumarijuridice\/wp-json\/wp\/v2\/types\/page"}],"author":[{"embeddable":true,"href":"https:\/\/indrumari-juridice.eu\/indrumarijuridice\/wp-json\/wp\/v2\/users\/1"}],"replies":[{"embeddable":true,"href":"https:\/\/indrumari-juridice.eu\/indrumarijuridice\/wp-json\/wp\/v2\/comments?post=105440"}],"version-history":[{"count":0,"href":"https:\/\/indrumari-juridice.eu\/indrumarijuridice\/wp-json\/wp\/v2\/pages\/105440\/revisions"}],"wp:attachment":[{"href":"https:\/\/indrumari-juridice.eu\/indrumarijuridice\/wp-json\/wp\/v2\/media?parent=105440"}],"curies":[{"name":"wp","href":"https:\/\/api.w.org\/{rel}","templated":true}]}}