{"id":109394,"date":"2017-05-08T16:27:00","date_gmt":"2017-05-08T13:27:00","guid":{"rendered":"http:\/\/indrumari-juridice.eu\/indrumarijuridice\/?page_id=109394"},"modified":"2017-05-08T16:27:00","modified_gmt":"2017-05-08T13:27:00","slug":"sechestru-mobiliar-pe-autoturisme-sechestru-asupra-bunurilor-debitorului-art-732-avocat-cuculis","status":"publish","type":"page","link":"https:\/\/indrumari-juridice.eu\/indrumarijuridice\/sechestru-mobiliar-pe-autoturisme-sechestru-asupra-bunurilor-debitorului-art-732-avocat-cuculis\/","title":{"rendered":"Sechestru Mobiliar Pe Autoturisme-Sechestru Asupra Bunurilor Debitorului Art. 732 &#8211; Avocat Cuculis"},"content":{"rendered":"<h2>Sechestul Asigurator &#8211; Cum contestam un sechestru pus pe mobile, autoturisme, camione, etc? Avocat Cuculis<\/h2>\n<p><strong>Problema Juridica<\/strong>: Buna ziua! Ni s-a pus sechestru pe 2 masini bunuri personale comune ca soti pentru un Bilet la ordin semnat in fals de o firma ,biletul a fost dat in alb ,produsele livrate au fost in suma de 8500 ron seminte ,ierbicide care nu au fost conforme calitativ si le-am dat retur diferenta \u00a0pana la suma \u00a0de 11739 lei ,firma care ne-a livrat produsele a completat B O cu suma de 11739 lei si cu cheltuieli de executar ni s-a proprit suma de 13556 pe care am contestat-o .Am primit \u00a03 adrese sa platim pe numele fiecaruia suma de 782,83 taxa timbru judiciar si cautiune de 1177 lei ,atat pe numele fiecaruia cat si pe numele firmei .Trebuie sa platim o singura data pe numele unei persoane sau fiecare sot si firma sa platim de 3 ori suma de taxa timbru judiciar,avem plangere la Parchet pentru inscrisuri in fals a B.O .,NU AVEM BANI SA PLATIM ACESTE SUME SI NU INTELEGEM NICI CAT TREBUIE PLATIT,VA RUGAM SA NE AJUTATI CU RASPUNSUL;<\/p>\n<p>Raspuns av. drd. Cuculis Adrian<\/p>\n<p><b>Art. 732<\/b><b><\/b><\/p>\n<p><b>Sechestrarea bunurilor aflate \u00een m\u00e2inile ter\u0163ilor<\/b><\/p>\n<p>(1) Sechestrul se va putea aplica \u015fi asupra bunurilor apar\u0163in\u00e2nd debitorului, dar de\u0163inute de un ter\u0163, afar\u0103 numai dac\u0103 acesta din urm\u0103 nu recunoa\u015fte c\u0103 bunurile apar\u0163in debitorului urm\u0103rit. Dac\u0103 ter\u0163ul recunoa\u015fte c\u0103 bunurile apar\u0163in debitorului, este obligat s\u0103 declare dac\u0103 le de\u0163ine \u00een temeiul vreunui titlu \u015fi s\u0103 \u00eenm\u00e2neze executorului o copie certificat\u0103 a acestuia, dac\u0103 este cazul.<\/p>\n<p>(2) Dac\u0103 ter\u0163ul de\u0163in\u0103tor nu recunoa\u015fte c\u0103 bunurile apar\u0163in debitorului, dar creditorul pretinde \u015fi face dovada c\u0103 bunurile respective sunt ale acestuia, instan\u0163a de executare va putea, prin \u00eencheiere definitiv\u0103, dat\u0103 cu citarea \u00een termen scurt a p\u0103r\u0163ilor, s\u0103 \u00eel autorizeze pe executor s\u0103 continue aplicarea sechestrului.<\/p>\n<p>(3) Ter\u0163ul de\u0163in\u0103tor care are un drept de folosin\u0163\u0103 asupra bunului sechestrat poate s\u0103 cear\u0103 instan\u0163ei de executare s\u0103 fie autorizat s\u0103 foloseasc\u0103 \u00een continuare bunul, dac\u0103 pentru acesta exist\u0103 o asigurare facultativ\u0103 contra daunelor ori urmeaz\u0103 s\u0103 fie contractat\u0103, \u00een termenul fixat de instan\u0163\u0103, dup\u0103 caz. \u00cen toate cazurile, acordul creditorului urm\u0103ritor \u00een acest sens supline\u015fte autoriza\u0163ia instan\u0163ei de executare.<\/p>\n<p id=\"sursa\">Obligatoriu este sa faceti o contestatie la executare! Contestatia in sine va verifica cel putin legalitatea sumelor percepute si solicitate de catre creditor.<\/p>\n<p>av. Cuculis<\/p>\n<p>avocat@indrumari-juridice.eu<\/p>\n","protected":false},"excerpt":{"rendered":"<p>Sechestul Asigurator &#8211; Cum contestam un sechestru pus pe mobile, autoturisme, camione, etc? Avocat Cuculis Problema Juridica: Buna ziua! Ni s-a pus sechestru pe 2 masini bunuri personale comune ca soti pentru un Bilet la ordin semnat in fals de o firma ,biletul a fost dat in alb ,produsele livrate au fost in suma de [&hellip;]<\/p>\n","protected":false},"author":1,"featured_media":0,"parent":0,"menu_order":0,"comment_status":"closed","ping_status":"closed","template":"","meta":{"footnotes":""},"class_list":["post-109394","page","type-page","status-publish","hentry"],"yoast_head":"<!-- This site is optimized with the Yoast SEO Premium plugin v27.6 (Yoast SEO v27.6) - https:\/\/yoast.com\/product\/yoast-seo-premium-wordpress\/ -->\n<title>Sechestru Mobiliar Pe Autoturisme-Sechestru Asupra Bunurilor Debitorului Art. 732 - Avocat Cuculis - Cuculis si Asociatii<\/title>\n<meta name=\"description\" content=\"Sechestru Mobiliar Pe Autoturisme-Sechestru Asupra Bunurilor Debitorului Art. 732 - Avocat Cuculis - Cuculis si Asociatii\" \/>\n<meta name=\"robots\" content=\"index, follow, max-snippet:-1, max-image-preview:large, max-video-preview:-1\" \/>\n<link rel=\"canonical\" href=\"https:\/\/indrumari-juridice.eu\/indrumarijuridice\/sechestru-mobiliar-pe-autoturisme-sechestru-asupra-bunurilor-debitorului-art-732-avocat-cuculis\/\" \/>\n<meta property=\"og:locale\" content=\"en_US\" \/>\n<meta property=\"og:type\" content=\"article\" \/>\n<meta property=\"og:title\" content=\"Sechestru Mobiliar Pe Autoturisme-Sechestru Asupra Bunurilor Debitorului Art. 732 - Avocat Cuculis\" \/>\n<meta property=\"og:description\" content=\"Sechestru Mobiliar Pe Autoturisme-Sechestru Asupra Bunurilor Debitorului Art. 732 - Avocat Cuculis - Cuculis si Asociatii\" \/>\n<meta property=\"og:url\" content=\"https:\/\/indrumari-juridice.eu\/indrumarijuridice\/sechestru-mobiliar-pe-autoturisme-sechestru-asupra-bunurilor-debitorului-art-732-avocat-cuculis\/\" \/>\n<meta property=\"og:site_name\" content=\"Cuculis si Asociatii\" \/>\n<meta property=\"article:publisher\" content=\"https:\/\/www.facebook.com\/avocatcuculisadrian\" \/>\n<meta name=\"twitter:card\" content=\"summary_large_image\" \/>\n<meta name=\"twitter:site\" content=\"@indrumarij\" \/>\n<meta name=\"twitter:label1\" content=\"Est. reading time\" \/>\n\t<meta name=\"twitter:data1\" content=\"2 minutes\" \/>\n<script type=\"application\/ld+json\" class=\"yoast-schema-graph\">{\"@context\":\"https:\\\/\\\/schema.org\",\"@graph\":[{\"@type\":\"WebPage\",\"@id\":\"https:\\\/\\\/indrumari-juridice.eu\\\/indrumarijuridice\\\/sechestru-mobiliar-pe-autoturisme-sechestru-asupra-bunurilor-debitorului-art-732-avocat-cuculis\\\/\",\"url\":\"https:\\\/\\\/indrumari-juridice.eu\\\/indrumarijuridice\\\/sechestru-mobiliar-pe-autoturisme-sechestru-asupra-bunurilor-debitorului-art-732-avocat-cuculis\\\/\",\"name\":\"Sechestru Mobiliar Pe Autoturisme-Sechestru Asupra Bunurilor Debitorului Art. 732 - Avocat Cuculis - Cuculis si Asociatii\",\"isPartOf\":{\"@id\":\"https:\\\/\\\/indrumari-juridice.eu\\\/indrumarijuridice\\\/#website\"},\"datePublished\":\"2017-05-08T13:27:00+00:00\",\"description\":\"Sechestru Mobiliar Pe Autoturisme-Sechestru Asupra Bunurilor Debitorului Art. 732 - Avocat Cuculis - Cuculis si Asociatii\",\"breadcrumb\":{\"@id\":\"https:\\\/\\\/indrumari-juridice.eu\\\/indrumarijuridice\\\/sechestru-mobiliar-pe-autoturisme-sechestru-asupra-bunurilor-debitorului-art-732-avocat-cuculis\\\/#breadcrumb\"},\"inLanguage\":\"en-US\",\"potentialAction\":[{\"@type\":\"ReadAction\",\"target\":[\"https:\\\/\\\/indrumari-juridice.eu\\\/indrumarijuridice\\\/sechestru-mobiliar-pe-autoturisme-sechestru-asupra-bunurilor-debitorului-art-732-avocat-cuculis\\\/\"]}]},{\"@type\":\"BreadcrumbList\",\"@id\":\"https:\\\/\\\/indrumari-juridice.eu\\\/indrumarijuridice\\\/sechestru-mobiliar-pe-autoturisme-sechestru-asupra-bunurilor-debitorului-art-732-avocat-cuculis\\\/#breadcrumb\",\"itemListElement\":[{\"@type\":\"ListItem\",\"position\":1,\"name\":\"Home\",\"item\":\"https:\\\/\\\/indrumari-juridice.eu\\\/indrumarijuridice\\\/\"},{\"@type\":\"ListItem\",\"position\":2,\"name\":\"Sechestru Mobiliar Pe Autoturisme-Sechestru Asupra Bunurilor Debitorului Art. 732 &#8211; Avocat Cuculis\"}]},{\"@type\":\"WebSite\",\"@id\":\"https:\\\/\\\/indrumari-juridice.eu\\\/indrumarijuridice\\\/#website\",\"url\":\"https:\\\/\\\/indrumari-juridice.eu\\\/indrumarijuridice\\\/\",\"name\":\"Cuculis si Asociatii\",\"description\":\"Birou de avocatura - Societatea De Avocati Cuculis&amp;Asociatii Indrumari Juridice Online Gratuite 031.412.48.88\",\"publisher\":{\"@id\":\"https:\\\/\\\/indrumari-juridice.eu\\\/indrumarijuridice\\\/#organization\"},\"potentialAction\":[{\"@type\":\"SearchAction\",\"target\":{\"@type\":\"EntryPoint\",\"urlTemplate\":\"https:\\\/\\\/indrumari-juridice.eu\\\/indrumarijuridice\\\/?s={search_term_string}\"},\"query-input\":{\"@type\":\"PropertyValueSpecification\",\"valueRequired\":true,\"valueName\":\"search_term_string\"}}],\"inLanguage\":\"en-US\"},{\"@type\":\"Organization\",\"@id\":\"https:\\\/\\\/indrumari-juridice.eu\\\/indrumarijuridice\\\/#organization\",\"name\":\"Societatea de Avocati Birou de Avocatura Cuculis si Asociatii\",\"url\":\"https:\\\/\\\/indrumari-juridice.eu\\\/indrumarijuridice\\\/\",\"logo\":{\"@type\":\"ImageObject\",\"inLanguage\":\"en-US\",\"@id\":\"https:\\\/\\\/indrumari-juridice.eu\\\/indrumarijuridice\\\/#\\\/schema\\\/logo\\\/image\\\/\",\"url\":\"https:\\\/\\\/indrumari-juridice.eu\\\/indrumarijuridice\\\/wp-content\\\/uploads\\\/2018\\\/06\\\/logo-cuculis-kg.jpg\",\"contentUrl\":\"https:\\\/\\\/indrumari-juridice.eu\\\/indrumarijuridice\\\/wp-content\\\/uploads\\\/2018\\\/06\\\/logo-cuculis-kg.jpg\",\"width\":370,\"height\":71,\"caption\":\"Societatea de Avocati Birou de Avocatura Cuculis si Asociatii\"},\"image\":{\"@id\":\"https:\\\/\\\/indrumari-juridice.eu\\\/indrumarijuridice\\\/#\\\/schema\\\/logo\\\/image\\\/\"},\"sameAs\":[\"https:\\\/\\\/www.facebook.com\\\/avocatcuculisadrian\",\"https:\\\/\\\/x.com\\\/indrumarij\",\"https:\\\/\\\/www.youtube.com\\\/user\\\/IndrumariJuridice\"]}]}<\/script>\n<!-- \/ Yoast SEO Premium plugin. -->","yoast_head_json":{"title":"Sechestru Mobiliar Pe Autoturisme-Sechestru Asupra Bunurilor Debitorului Art. 732 - Avocat Cuculis - Cuculis si Asociatii","description":"Sechestru Mobiliar Pe Autoturisme-Sechestru Asupra Bunurilor Debitorului Art. 732 - Avocat Cuculis - Cuculis si Asociatii","robots":{"index":"index","follow":"follow","max-snippet":"max-snippet:-1","max-image-preview":"max-image-preview:large","max-video-preview":"max-video-preview:-1"},"canonical":"https:\/\/indrumari-juridice.eu\/indrumarijuridice\/sechestru-mobiliar-pe-autoturisme-sechestru-asupra-bunurilor-debitorului-art-732-avocat-cuculis\/","og_locale":"en_US","og_type":"article","og_title":"Sechestru Mobiliar Pe Autoturisme-Sechestru Asupra Bunurilor Debitorului Art. 732 - Avocat Cuculis","og_description":"Sechestru Mobiliar Pe Autoturisme-Sechestru Asupra Bunurilor Debitorului Art. 732 - Avocat Cuculis - Cuculis si Asociatii","og_url":"https:\/\/indrumari-juridice.eu\/indrumarijuridice\/sechestru-mobiliar-pe-autoturisme-sechestru-asupra-bunurilor-debitorului-art-732-avocat-cuculis\/","og_site_name":"Cuculis si Asociatii","article_publisher":"https:\/\/www.facebook.com\/avocatcuculisadrian","twitter_card":"summary_large_image","twitter_site":"@indrumarij","twitter_misc":{"Est. reading time":"2 minutes"},"schema":{"@context":"https:\/\/schema.org","@graph":[{"@type":"WebPage","@id":"https:\/\/indrumari-juridice.eu\/indrumarijuridice\/sechestru-mobiliar-pe-autoturisme-sechestru-asupra-bunurilor-debitorului-art-732-avocat-cuculis\/","url":"https:\/\/indrumari-juridice.eu\/indrumarijuridice\/sechestru-mobiliar-pe-autoturisme-sechestru-asupra-bunurilor-debitorului-art-732-avocat-cuculis\/","name":"Sechestru Mobiliar Pe Autoturisme-Sechestru Asupra Bunurilor Debitorului Art. 732 - Avocat Cuculis - Cuculis si Asociatii","isPartOf":{"@id":"https:\/\/indrumari-juridice.eu\/indrumarijuridice\/#website"},"datePublished":"2017-05-08T13:27:00+00:00","description":"Sechestru Mobiliar Pe Autoturisme-Sechestru Asupra Bunurilor Debitorului Art. 732 - Avocat Cuculis - Cuculis si Asociatii","breadcrumb":{"@id":"https:\/\/indrumari-juridice.eu\/indrumarijuridice\/sechestru-mobiliar-pe-autoturisme-sechestru-asupra-bunurilor-debitorului-art-732-avocat-cuculis\/#breadcrumb"},"inLanguage":"en-US","potentialAction":[{"@type":"ReadAction","target":["https:\/\/indrumari-juridice.eu\/indrumarijuridice\/sechestru-mobiliar-pe-autoturisme-sechestru-asupra-bunurilor-debitorului-art-732-avocat-cuculis\/"]}]},{"@type":"BreadcrumbList","@id":"https:\/\/indrumari-juridice.eu\/indrumarijuridice\/sechestru-mobiliar-pe-autoturisme-sechestru-asupra-bunurilor-debitorului-art-732-avocat-cuculis\/#breadcrumb","itemListElement":[{"@type":"ListItem","position":1,"name":"Home","item":"https:\/\/indrumari-juridice.eu\/indrumarijuridice\/"},{"@type":"ListItem","position":2,"name":"Sechestru Mobiliar Pe Autoturisme-Sechestru Asupra Bunurilor Debitorului Art. 732 &#8211; Avocat Cuculis"}]},{"@type":"WebSite","@id":"https:\/\/indrumari-juridice.eu\/indrumarijuridice\/#website","url":"https:\/\/indrumari-juridice.eu\/indrumarijuridice\/","name":"Cuculis si Asociatii","description":"Birou de avocatura - Societatea De Avocati Cuculis&amp;Asociatii Indrumari Juridice Online Gratuite 031.412.48.88","publisher":{"@id":"https:\/\/indrumari-juridice.eu\/indrumarijuridice\/#organization"},"potentialAction":[{"@type":"SearchAction","target":{"@type":"EntryPoint","urlTemplate":"https:\/\/indrumari-juridice.eu\/indrumarijuridice\/?s={search_term_string}"},"query-input":{"@type":"PropertyValueSpecification","valueRequired":true,"valueName":"search_term_string"}}],"inLanguage":"en-US"},{"@type":"Organization","@id":"https:\/\/indrumari-juridice.eu\/indrumarijuridice\/#organization","name":"Societatea de Avocati Birou de Avocatura Cuculis si Asociatii","url":"https:\/\/indrumari-juridice.eu\/indrumarijuridice\/","logo":{"@type":"ImageObject","inLanguage":"en-US","@id":"https:\/\/indrumari-juridice.eu\/indrumarijuridice\/#\/schema\/logo\/image\/","url":"https:\/\/indrumari-juridice.eu\/indrumarijuridice\/wp-content\/uploads\/2018\/06\/logo-cuculis-kg.jpg","contentUrl":"https:\/\/indrumari-juridice.eu\/indrumarijuridice\/wp-content\/uploads\/2018\/06\/logo-cuculis-kg.jpg","width":370,"height":71,"caption":"Societatea de Avocati Birou de Avocatura Cuculis si Asociatii"},"image":{"@id":"https:\/\/indrumari-juridice.eu\/indrumarijuridice\/#\/schema\/logo\/image\/"},"sameAs":["https:\/\/www.facebook.com\/avocatcuculisadrian","https:\/\/x.com\/indrumarij","https:\/\/www.youtube.com\/user\/IndrumariJuridice"]}]}},"jetpack_shortlink":"https:\/\/wp.me\/P3Vc4J-ssq","jetpack_sharing_enabled":true,"_links":{"self":[{"href":"https:\/\/indrumari-juridice.eu\/indrumarijuridice\/wp-json\/wp\/v2\/pages\/109394","targetHints":{"allow":["GET"]}}],"collection":[{"href":"https:\/\/indrumari-juridice.eu\/indrumarijuridice\/wp-json\/wp\/v2\/pages"}],"about":[{"href":"https:\/\/indrumari-juridice.eu\/indrumarijuridice\/wp-json\/wp\/v2\/types\/page"}],"author":[{"embeddable":true,"href":"https:\/\/indrumari-juridice.eu\/indrumarijuridice\/wp-json\/wp\/v2\/users\/1"}],"replies":[{"embeddable":true,"href":"https:\/\/indrumari-juridice.eu\/indrumarijuridice\/wp-json\/wp\/v2\/comments?post=109394"}],"version-history":[{"count":0,"href":"https:\/\/indrumari-juridice.eu\/indrumarijuridice\/wp-json\/wp\/v2\/pages\/109394\/revisions"}],"wp:attachment":[{"href":"https:\/\/indrumari-juridice.eu\/indrumarijuridice\/wp-json\/wp\/v2\/media?parent=109394"}],"curies":[{"name":"wp","href":"https:\/\/api.w.org\/{rel}","templated":true}]}}