{"id":14530,"date":"2016-01-08T12:14:28","date_gmt":"2016-01-08T09:14:28","guid":{"rendered":"http:\/\/indrumari-juridice.eu\/indrumarijuridice\/?page_id=14530"},"modified":"2016-01-08T12:14:29","modified_gmt":"2016-01-08T09:14:29","slug":"caz-penal-furt","status":"publish","type":"page","link":"https:\/\/indrumari-juridice.eu\/indrumarijuridice\/caz-penal-furt\/","title":{"rendered":"Caz penal furt"},"content":{"rendered":"<pre>Problema dvs. juridica: Caz penal furt. Bun\u0103 ziua prietenul meu a fost cercetat\r\nintr-un doar de furt \u0219i a fost condamnat 1si 8 luni cu executare dar avocatul lui a\r\nspus ca nu mai are ce face c\u0103ut\u0103m solu\u021bii dac\u0103 putem s\u0103 \u00eei dea la domiciliu sau cu\r\nsuspendare. Daca stiti sau pute\u021bi s\u0103 m\u0103 ajuta\u021bi v.a\u0219i r\u0103m\u00e2ne recunosc\u0103toare stiti\r\ncum e un b\u0103iat de 21-22 ani la inchisoare... Offf bani nu conteaz\u0103 chiar nu conteaz\u0103\r\nva trimit ori c\u00e2t numai s\u0103 poat\u0103 fi iar l\u00e2ng\u0103 mine \u00een Anglia e greu el \u00een Rom\u00e2nia la\r\npu\u0219c\u0103rie iar eu \u00een Anglia la munc\u0103 ajutatima sunt chiar disperat\u0103\r\n<\/pre>\n","protected":false},"excerpt":{"rendered":"<p>Problema dvs. juridica: Caz penal furt. Bun\u0103 ziua prietenul meu a fost cercetat intr-un doar de furt \u0219i a fost condamnat 1si 8 luni cu executare dar avocatul lui a spus ca nu mai are ce face c\u0103ut\u0103m solu\u021bii dac\u0103 putem s\u0103 \u00eei dea la domiciliu sau cu suspendare. Daca stiti sau pute\u021bi s\u0103 m\u0103 [&hellip;]<\/p>\n","protected":false},"author":1,"featured_media":0,"parent":0,"menu_order":0,"comment_status":"closed","ping_status":"closed","template":"","meta":{"footnotes":""},"class_list":["post-14530","page","type-page","status-publish","hentry"],"yoast_head":"<!-- This site is optimized with the Yoast SEO Premium plugin v27.6 (Yoast SEO v27.6) - https:\/\/yoast.com\/product\/yoast-seo-premium-wordpress\/ -->\n<title>Caz penal furt - Cuculis si Asociatii<\/title>\n<meta name=\"description\" content=\"Caz penal furt - Cuculis si Asociatii\" \/>\n<meta name=\"robots\" content=\"index, follow, max-snippet:-1, max-image-preview:large, max-video-preview:-1\" \/>\n<link rel=\"canonical\" href=\"https:\/\/indrumari-juridice.eu\/indrumarijuridice\/caz-penal-furt\/\" \/>\n<meta property=\"og:locale\" content=\"en_US\" \/>\n<meta property=\"og:type\" content=\"article\" \/>\n<meta property=\"og:title\" content=\"Caz penal furt\" \/>\n<meta property=\"og:description\" content=\"Caz penal furt - Cuculis si Asociatii\" \/>\n<meta property=\"og:url\" content=\"https:\/\/indrumari-juridice.eu\/indrumarijuridice\/caz-penal-furt\/\" \/>\n<meta property=\"og:site_name\" content=\"Cuculis si Asociatii\" \/>\n<meta property=\"article:publisher\" content=\"https:\/\/www.facebook.com\/avocatcuculisadrian\" \/>\n<meta property=\"article:modified_time\" content=\"2016-01-08T09:14:29+00:00\" \/>\n<meta name=\"twitter:card\" content=\"summary_large_image\" \/>\n<meta name=\"twitter:site\" content=\"@indrumarij\" \/>\n<meta name=\"twitter:label1\" content=\"Est. reading time\" \/>\n\t<meta name=\"twitter:data1\" content=\"1 minute\" \/>\n<script type=\"application\/ld+json\" class=\"yoast-schema-graph\">{\"@context\":\"https:\\\/\\\/schema.org\",\"@graph\":[{\"@type\":\"WebPage\",\"@id\":\"https:\\\/\\\/indrumari-juridice.eu\\\/indrumarijuridice\\\/caz-penal-furt\\\/\",\"url\":\"https:\\\/\\\/indrumari-juridice.eu\\\/indrumarijuridice\\\/caz-penal-furt\\\/\",\"name\":\"Caz penal furt - Cuculis si Asociatii\",\"isPartOf\":{\"@id\":\"https:\\\/\\\/indrumari-juridice.eu\\\/indrumarijuridice\\\/#website\"},\"datePublished\":\"2016-01-08T09:14:28+00:00\",\"dateModified\":\"2016-01-08T09:14:29+00:00\",\"description\":\"Caz penal furt - Cuculis si Asociatii\",\"breadcrumb\":{\"@id\":\"https:\\\/\\\/indrumari-juridice.eu\\\/indrumarijuridice\\\/caz-penal-furt\\\/#breadcrumb\"},\"inLanguage\":\"en-US\",\"potentialAction\":[{\"@type\":\"ReadAction\",\"target\":[\"https:\\\/\\\/indrumari-juridice.eu\\\/indrumarijuridice\\\/caz-penal-furt\\\/\"]}]},{\"@type\":\"BreadcrumbList\",\"@id\":\"https:\\\/\\\/indrumari-juridice.eu\\\/indrumarijuridice\\\/caz-penal-furt\\\/#breadcrumb\",\"itemListElement\":[{\"@type\":\"ListItem\",\"position\":1,\"name\":\"Home\",\"item\":\"https:\\\/\\\/indrumari-juridice.eu\\\/indrumarijuridice\\\/\"},{\"@type\":\"ListItem\",\"position\":2,\"name\":\"Caz penal furt\"}]},{\"@type\":\"WebSite\",\"@id\":\"https:\\\/\\\/indrumari-juridice.eu\\\/indrumarijuridice\\\/#website\",\"url\":\"https:\\\/\\\/indrumari-juridice.eu\\\/indrumarijuridice\\\/\",\"name\":\"Cuculis si Asociatii\",\"description\":\"Birou de avocatura - Societatea De Avocati Cuculis&amp;Asociatii Indrumari Juridice Online Gratuite 031.412.48.88\",\"publisher\":{\"@id\":\"https:\\\/\\\/indrumari-juridice.eu\\\/indrumarijuridice\\\/#organization\"},\"potentialAction\":[{\"@type\":\"SearchAction\",\"target\":{\"@type\":\"EntryPoint\",\"urlTemplate\":\"https:\\\/\\\/indrumari-juridice.eu\\\/indrumarijuridice\\\/?s={search_term_string}\"},\"query-input\":{\"@type\":\"PropertyValueSpecification\",\"valueRequired\":true,\"valueName\":\"search_term_string\"}}],\"inLanguage\":\"en-US\"},{\"@type\":\"Organization\",\"@id\":\"https:\\\/\\\/indrumari-juridice.eu\\\/indrumarijuridice\\\/#organization\",\"name\":\"Societatea de Avocati Birou de Avocatura Cuculis si Asociatii\",\"url\":\"https:\\\/\\\/indrumari-juridice.eu\\\/indrumarijuridice\\\/\",\"logo\":{\"@type\":\"ImageObject\",\"inLanguage\":\"en-US\",\"@id\":\"https:\\\/\\\/indrumari-juridice.eu\\\/indrumarijuridice\\\/#\\\/schema\\\/logo\\\/image\\\/\",\"url\":\"https:\\\/\\\/indrumari-juridice.eu\\\/indrumarijuridice\\\/wp-content\\\/uploads\\\/2018\\\/06\\\/logo-cuculis-kg.jpg\",\"contentUrl\":\"https:\\\/\\\/indrumari-juridice.eu\\\/indrumarijuridice\\\/wp-content\\\/uploads\\\/2018\\\/06\\\/logo-cuculis-kg.jpg\",\"width\":370,\"height\":71,\"caption\":\"Societatea de Avocati Birou de Avocatura Cuculis si Asociatii\"},\"image\":{\"@id\":\"https:\\\/\\\/indrumari-juridice.eu\\\/indrumarijuridice\\\/#\\\/schema\\\/logo\\\/image\\\/\"},\"sameAs\":[\"https:\\\/\\\/www.facebook.com\\\/avocatcuculisadrian\",\"https:\\\/\\\/x.com\\\/indrumarij\",\"https:\\\/\\\/www.youtube.com\\\/user\\\/IndrumariJuridice\"]}]}<\/script>\n<!-- \/ Yoast SEO Premium plugin. -->","yoast_head_json":{"title":"Caz penal furt - Cuculis si Asociatii","description":"Caz penal furt - Cuculis si Asociatii","robots":{"index":"index","follow":"follow","max-snippet":"max-snippet:-1","max-image-preview":"max-image-preview:large","max-video-preview":"max-video-preview:-1"},"canonical":"https:\/\/indrumari-juridice.eu\/indrumarijuridice\/caz-penal-furt\/","og_locale":"en_US","og_type":"article","og_title":"Caz penal furt","og_description":"Caz penal furt - Cuculis si Asociatii","og_url":"https:\/\/indrumari-juridice.eu\/indrumarijuridice\/caz-penal-furt\/","og_site_name":"Cuculis si Asociatii","article_publisher":"https:\/\/www.facebook.com\/avocatcuculisadrian","article_modified_time":"2016-01-08T09:14:29+00:00","twitter_card":"summary_large_image","twitter_site":"@indrumarij","twitter_misc":{"Est. reading time":"1 minute"},"schema":{"@context":"https:\/\/schema.org","@graph":[{"@type":"WebPage","@id":"https:\/\/indrumari-juridice.eu\/indrumarijuridice\/caz-penal-furt\/","url":"https:\/\/indrumari-juridice.eu\/indrumarijuridice\/caz-penal-furt\/","name":"Caz penal furt - Cuculis si Asociatii","isPartOf":{"@id":"https:\/\/indrumari-juridice.eu\/indrumarijuridice\/#website"},"datePublished":"2016-01-08T09:14:28+00:00","dateModified":"2016-01-08T09:14:29+00:00","description":"Caz penal furt - Cuculis si Asociatii","breadcrumb":{"@id":"https:\/\/indrumari-juridice.eu\/indrumarijuridice\/caz-penal-furt\/#breadcrumb"},"inLanguage":"en-US","potentialAction":[{"@type":"ReadAction","target":["https:\/\/indrumari-juridice.eu\/indrumarijuridice\/caz-penal-furt\/"]}]},{"@type":"BreadcrumbList","@id":"https:\/\/indrumari-juridice.eu\/indrumarijuridice\/caz-penal-furt\/#breadcrumb","itemListElement":[{"@type":"ListItem","position":1,"name":"Home","item":"https:\/\/indrumari-juridice.eu\/indrumarijuridice\/"},{"@type":"ListItem","position":2,"name":"Caz penal furt"}]},{"@type":"WebSite","@id":"https:\/\/indrumari-juridice.eu\/indrumarijuridice\/#website","url":"https:\/\/indrumari-juridice.eu\/indrumarijuridice\/","name":"Cuculis si Asociatii","description":"Birou de avocatura - Societatea De Avocati Cuculis&amp;Asociatii Indrumari Juridice Online Gratuite 031.412.48.88","publisher":{"@id":"https:\/\/indrumari-juridice.eu\/indrumarijuridice\/#organization"},"potentialAction":[{"@type":"SearchAction","target":{"@type":"EntryPoint","urlTemplate":"https:\/\/indrumari-juridice.eu\/indrumarijuridice\/?s={search_term_string}"},"query-input":{"@type":"PropertyValueSpecification","valueRequired":true,"valueName":"search_term_string"}}],"inLanguage":"en-US"},{"@type":"Organization","@id":"https:\/\/indrumari-juridice.eu\/indrumarijuridice\/#organization","name":"Societatea de Avocati Birou de Avocatura Cuculis si Asociatii","url":"https:\/\/indrumari-juridice.eu\/indrumarijuridice\/","logo":{"@type":"ImageObject","inLanguage":"en-US","@id":"https:\/\/indrumari-juridice.eu\/indrumarijuridice\/#\/schema\/logo\/image\/","url":"https:\/\/indrumari-juridice.eu\/indrumarijuridice\/wp-content\/uploads\/2018\/06\/logo-cuculis-kg.jpg","contentUrl":"https:\/\/indrumari-juridice.eu\/indrumarijuridice\/wp-content\/uploads\/2018\/06\/logo-cuculis-kg.jpg","width":370,"height":71,"caption":"Societatea de Avocati Birou de Avocatura Cuculis si Asociatii"},"image":{"@id":"https:\/\/indrumari-juridice.eu\/indrumarijuridice\/#\/schema\/logo\/image\/"},"sameAs":["https:\/\/www.facebook.com\/avocatcuculisadrian","https:\/\/x.com\/indrumarij","https:\/\/www.youtube.com\/user\/IndrumariJuridice"]}]}},"jetpack_shortlink":"https:\/\/wp.me\/P3Vc4J-3Mm","jetpack_sharing_enabled":true,"_links":{"self":[{"href":"https:\/\/indrumari-juridice.eu\/indrumarijuridice\/wp-json\/wp\/v2\/pages\/14530","targetHints":{"allow":["GET"]}}],"collection":[{"href":"https:\/\/indrumari-juridice.eu\/indrumarijuridice\/wp-json\/wp\/v2\/pages"}],"about":[{"href":"https:\/\/indrumari-juridice.eu\/indrumarijuridice\/wp-json\/wp\/v2\/types\/page"}],"author":[{"embeddable":true,"href":"https:\/\/indrumari-juridice.eu\/indrumarijuridice\/wp-json\/wp\/v2\/users\/1"}],"replies":[{"embeddable":true,"href":"https:\/\/indrumari-juridice.eu\/indrumarijuridice\/wp-json\/wp\/v2\/comments?post=14530"}],"version-history":[{"count":0,"href":"https:\/\/indrumari-juridice.eu\/indrumarijuridice\/wp-json\/wp\/v2\/pages\/14530\/revisions"}],"wp:attachment":[{"href":"https:\/\/indrumari-juridice.eu\/indrumarijuridice\/wp-json\/wp\/v2\/media?parent=14530"}],"curies":[{"name":"wp","href":"https:\/\/api.w.org\/{rel}","templated":true}]}}