{"id":9423,"date":"2020-05-08T11:49:00","date_gmt":"2020-05-08T09:49:00","guid":{"rendered":"http:\/\/indrumari-juridice.eu\/indrumarijuridice\/?page_id=9423"},"modified":"2020-06-01T16:29:06","modified_gmt":"2020-06-01T14:29:06","slug":"conditii-anulare-permis-conducere-avocat","status":"publish","type":"page","link":"https:\/\/indrumari-juridice.eu\/indrumarijuridice\/conditii-anulare-permis-conducere-avocat\/","title":{"rendered":"Conditii anulare permis conducere &#8211; avocat"},"content":{"rendered":"\n<h2 class=\"has-text-align-center wp-block-heading\">Vedeti Daca Se Anuleaza Permisului De Conducere Daca Am Fost Depistati La Volan Sub Influenta Bauturilor Alcoolice Sau Daca Am Produs Un Accident Cu Victime?<\/h2>\n\n\n\n<h3 class=\"has-text-align-center wp-block-heading\">Condi\u021biile anul\u0103rii permisului de conducere. Contesta\u021bie admis\u0103<\/h3>\n\n\n\n<p style=\"font-size:22px\" class=\"has-text-align-justify\"><strong><em>Conditii anulare permis conducere si cum putem sa scapam de o asemenea sanctiune?<\/em><\/strong><\/p>\n\n\n\n<p class=\"has-text-align-justify\"><a rel=\"noreferrer noopener\" href=\"https:\/\/bpr.politiaromana.ro\/ro\/legislatie-rutiera\/ordonanta-de-urgenta-nr-195-din-12-decembrie-2002\" target=\"_blank\">Conform art. 114 alin. 1 din OUG 195\/2002<\/a>, \u201eanularea permisului de conducere se dispune doar in conformitate cu actul normativ indicat mai sus si doar daca sunt indeplinite conditiile de la punctul 114 dupa cum se arata in lege:<\/p>\n\n\n\n<div class=\"wp-block-image\"><figure class=\"aligncenter size-large\"><img decoding=\"async\" width=\"741\" height=\"411\" src=\"https:\/\/indrumari-juridice.eu\/indrumarijuridice\/wp-content\/uploads\/2020\/03\/2020-03-23-2.png\" alt=\"Conditii anulare permis conducere\" class=\"wp-image-193504\" srcset=\"https:\/\/indrumari-juridice.eu\/indrumarijuridice\/wp-content\/uploads\/2020\/03\/2020-03-23-2.png 741w, https:\/\/indrumari-juridice.eu\/indrumarijuridice\/wp-content\/uploads\/2020\/03\/2020-03-23-2-300x166.png 300w\" sizes=\"(max-width: 741px) 100vw, 741px\" \/><\/figure><\/div>\n\n\n\n<p>Articolul 114 (1) Anularea permisului de conducere se dispune \u00een urm\u0103toarele cazuri: <\/p>\n\n\n\n<p class=\"has-text-align-justify\">a) <em>titularul permisului de conducere a fost condamnat printr-o hot\u0103r\u00e2re judec\u0103toreasc\u0103 r\u0103mas\u0103 definitiv\u0103 pentru o infrac\u0163iune care a avut ca rezultat uciderea sau v\u0103t\u0103marea corporala a unei persoane, s\u0103v\u00e2r\u015fit\u0103 ca urmare a nerespect\u0103rii regulilor de circula\u0163ie;<\/em><\/p>\n\n\n\n<p class=\"has-text-align-justify\">Practic, observam aici ca leguitorul nu face distinctia intre <em>savarsirea unor infractiuni la regimul rutier care sa fi fost savarsite cu intentie directa sau din culpa<\/em>, ci vorbeste despre o posibila condamnare care sa fi intervenit ca urmare a nerespectarii legii.<\/p>\n\n\n\n<p>Asta inseamna ca in urma condamnarii ( daca nu este instituita o amanare a executarii pedepsei), serviciul rutier va  anula permisul.<\/p>\n\n\n\n<p class=\"has-text-align-justify\"> <em>b) titularul permisului de conducere a fost condamnat, printr-o hot\u0103r\u00e2re judec\u0103toreasc\u0103 r\u0103mas\u0103 definitiv\u0103, pentru infrac\u0163iunile prev\u0103zute la art. 334 alin. (2) \u015fi (4), art. 335 alin. (2), art. 336, 337, art. 338 alin. (1), art. 339 alin. (2), (3) \u015fi (4) din Codul penal; La data de 01-09-2014 Lit. b) a alin. (1) al art. 114 a fost modificat\u0103 de pct. 31 al art. I din ORDONAN\u0162A nr. 21 din 26 august 2014, publicat\u0103 \u00een MONITORUL OFICIAL nr. 635 din 29 august 2014.<\/em><\/p>\n\n\n\n<p> c) abrogat\u0103<\/p>\n\n\n\n<p class=\"has-text-align-justify\"><em>d) titularului permisului de conducere i s-a aplicat, printr-o hot\u0103r\u00e2re judec\u0103toreasc\u0103 r\u0103mas\u0103 definitiv\u0103, pedeapsa complementar\u0103 a interzicerii dreptului de a conduce anumite categorii de vehicule stabilite de instan\u0163\u0103 prev\u0103zut\u0103 la art. 66 alin. (1) lit. i) din Codul penal.<\/em><\/p>\n\n\n\n<p class=\"has-text-align-justify\">Practic, nu trebuie neaparat sa fi intervenit o condamnare pentru incalcari la regimul rutier, este suficient ca prin decizia de condamnare sa fi fost dispusa si pedeapsa interzicerii dreptului de a conduce.<\/p>\n\n\n\n<p class=\"has-text-align-justify\"><em>e) permisul de conducere a fost ob\u0163inut cu \u00eenc\u0103lcarea normelor legale, situa\u0163ie constatat\u0103 de instan\u0163a competent\u0103. <\/em><\/p>\n\n\n\n<p class=\"has-text-align-justify\">f) permisul de conducere a fost ob\u0163inut \u00een perioada \u00een care titularul era cercetat sau judecat \u00een cadrul unui proces penal pentru s\u0103v\u00e2r\u015firea unei infrac\u0163iuni la regimul circula\u0163iei pe drumurile publice, atunci c\u00e2nd acesta a fost condamnat printr-o hot\u0103r\u00e2re judec\u0103toreasc\u0103 r\u0103mas\u0103 definitiv\u0103. <\/p>\n\n\n\n<p class=\"has-text-align-justify\">(2) Permisul de conducere se anuleaz\u0103 \u015fi \u00een cazul \u00een care titularul acestuia a decedat. <\/p>\n\n\n\n<p class=\"has-text-align-justify\">(3) Procedura anul\u0103rii permisului de conducere se stabile\u015fte prin regulament.<\/p>\n\n\n\n<p class=\"has-text-align-justify\">ATENTIE &#8211; In varianta unde nu vorbim despre dosare penale care pot rezulta in condamnari, este important sa stiti si<a rel=\"noreferrer noopener\" href=\"https:\/\/indrumari-juridice.eu\/indrumarijuridice\/cum-iti-poti-recupera-permisul-de-conducere-dupa-ce-a-fost-retinut-de-organele-de-politie\/\" target=\"_blank\"> cum se recupereaza permisul de conducere<\/a>, pentru abateri contraventionale.<\/p>\n\n\n\n<p><strong>Vedeti si :<\/strong><\/p>\n\n\n\n<figure class=\"wp-block-embed-wordpress aligncenter wp-block-embed is-type-wp-embed is-provider-cuculis-si-asociatii\"><div class=\"wp-block-embed__wrapper\">\n<blockquote class=\"wp-embedded-content\" data-secret=\"5xvrMUuMAb\"><a href=\"https:\/\/indrumari-juridice.eu\/indrumarijuridice\/etilotestul-drager-si-aparatul-drager-drugtest-posibil-neconforme\/\">Etilotestul Drager Si  Aparatul Drager DrugTest Posibil Neconforme<\/a><\/blockquote><iframe class=\"wp-embedded-content\" sandbox=\"allow-scripts\" security=\"restricted\" style=\"position: absolute; clip: rect(1px, 1px, 1px, 1px);\" title=\"&#8220;Etilotestul Drager Si  Aparatul Drager DrugTest Posibil Neconforme&#8221; &#8212; Cuculis si Asociatii\" src=\"https:\/\/indrumari-juridice.eu\/indrumarijuridice\/etilotestul-drager-si-aparatul-drager-drugtest-posibil-neconforme\/embed\/#?secret=aRptrvsBFy#?secret=5xvrMUuMAb\" data-secret=\"5xvrMUuMAb\" width=\"550\" height=\"310\" frameborder=\"0\" marginwidth=\"0\" marginheight=\"0\" scrolling=\"no\"><\/iframe>\n<\/div><\/figure>\n\n\n\n<h4 class=\"has-text-align-center wp-block-heading\">Totusi, in ipoteza in care se savarsesc infractiuni fie pe drumurile publice fie in legatura cu alte fapte care ar putea sa duca la interezicerea dreptului de a conduce, poate fi pastrat in cele din urma, permisul de catre cel care a comis infractiunea?<\/h4>\n\n\n\n<p class=\"has-text-align-justify\">Dup\u0103 cum rezult\u0103 din Sentin\u0163a penal\u0103, reclamantul, a condus un autoturism f\u0103r\u0103 s\u0103 posede permis de conducere, motiv pentru care a fost trimis \u00een judecat\u0103 pentru s\u0103v\u00e2r\u015firea infrac\u0163iunii de conducere pe drumurile publice a unui vehicul f\u0103r\u0103 permis de conducere, prev\u0103zut\u0103 de art. 335 alin.1 Cod penal. (\u2026)\u00a0\u00cen baza art. 83 \u015fi art. 84 Cod penal, Curtea de Apel a <strong><em>am\u00e2nat aplicarea pedepsei \u00eenchisorii.<\/em><\/strong><\/p>\n\n\n\n<p class=\"has-text-align-justify\">Pentru a se putea dispune anularea permisului \u00een temeiul art. 114 alin. 1 lit. f din OUG 195\/2002 este necesar\u0103 \u00eentrunirea a dou\u0103 condi\u0163ii astfel: <\/p>\n\n\n\n<p class=\"has-text-align-justify\">1) permisul s\u0103 fi fost ob\u0163inut \u00een perioada \u00een care titularul era cercetat sau judecat \u00een cadrul unui proces penal pentru s\u0103v\u00e2r\u015firea unei infrac\u0163iuni la regimul circula\u0163iei pe drumurile publice \u015fi <\/p>\n\n\n\n<p class=\"has-text-align-justify\">2) titularul s\u0103 fi fost condamnat printr-o hot\u0103r\u00e2re r\u0103mas\u0103 definitiv\u0103.<\/p>\n\n\n\n<p class=\"has-text-align-justify\"><br \/>De\u015fi prima condi\u0163ie este \u00eendeplinit\u0103, instan\u0163a re\u0163ine c\u0103 cea de a doua condi\u0163ie nu este \u00eentrunit\u0103, pentru urm\u0103toarele argumente:<\/p>\n\n\n\n<p class=\"has-text-align-justify\"><br \/>Prin Decizia penal\u0103, Curtea de Apel nu a pronun\u0163at condamnarea reclamantului, ci doar a stabilit o pedeaps\u0103 cu \u00eenchisoarea \u015fi a am\u00e2nat aplicarea acestei pedepse pe durata unui termen de supraveghere de 2 ani.<\/p>\n\n\n\n<p class=\"has-text-align-justify\">Doar \u00een m\u0103sura \u00een care reclamantul nu respect\u0103 obliga\u0163iile stabilite \u00een sarcina sa, comite o alt\u0103 infrac\u0163iune pe durata termenului de supraveghere sau se descoper\u0103 s\u0103v\u00e2r\u015firea anterioar\u0103 a unei alte infrac\u0163iuni, cf. art. 88 \u015fi 89 Cod Penal poate interveni revocarea sau anularea am\u00e2n\u0103rii aplic\u0103rii pedepsei.<\/p>\n\n\n\n<p class=\"has-text-align-justify\"><br \/>Cf. art. 90 din NCP, \u201e(1) <strong>persoanei fa\u0163\u0103 de care s-a dispus am\u00e2narea aplic\u0103rii pedepsei nu i se mai aplic\u0103 pedeapsa \u015fi nu este supus\u0103 niciunei dec\u0103deri, interdic\u0163ii sau incapacit\u0103\u0163i ce ar putea decurge din infrac\u0163iunea s\u0103v\u00e2r\u015fit\u0103, dac\u0103 nu a s\u0103v\u00e2r\u015fit din nou o infrac\u0163iune p\u00e2n\u0103 la expirarea termenului de supraveghere, nu s-a dispus revocarea am\u00e2n\u0103rii \u015fi nu s-a descoperit o cauz\u0103 de anulare.<\/strong><\/p>\n\n\n\n<p class=\"has-text-align-justify\"><br \/>(2) Am\u00e2narea aplic\u0103rii pedepsei nu produce efecte asupra execut\u0103rii m\u0103surilor de siguran\u0163\u0103 \u015fi a obliga\u0163iilor civile prev\u0103zute \u00een hot\u0103r\u00e2re\u201d.<br \/>Din aceste dispozi\u0163ii legale se deprinde ideea c\u0103 am\u00e2narea aplic\u0103rii pedepsei nu reprezint\u0103 o condamnare.<\/p>\n\n\n\n<p class=\"has-text-align-justify\"><br \/>La aceea\u015fi concluzie, c\u0103 hot\u0103r\u00e2rea de am\u00e2nare a aplic\u0103rii pedepsei nu reprezint\u0103 o condamnare se ajunge \u015fi din interpretarea dispozi\u0163iilor art. 17 alin. 2 din NCPC, potrivit c\u0103rora \u201e\u00een cursul judec\u0103\u0163ii ac\u0163iunea penal\u0103 se stinge prin r\u0103m\u00e2nerea definitiv\u0103 a hot\u0103r\u00e2rii judec\u0103tore\u015fti de condamnare, renun\u0163are la aplicarea pedepsei, am\u00e2narea aplic\u0103rii pedepsei, achitare sau \u00eencetare a procesului penal\u201d.<\/p>\n\n\n\n<p class=\"has-text-align-justify\"><br \/>Rezult\u0103 a\u015fadar c\u0103, dac\u0103 am\u00e2narea aplic\u0103rii pedepsei ar reprezenta o condamnare, legiuitorul nu ar fi f\u0103cut referire, \u00een dispozi\u0163iile citate mai sus (art. 17 alin. 2 din NCPC), at\u00e2t la hot\u0103r\u00e2ri judec\u0103tore\u015fti de condamnare, c\u00e2t \u015fi la hot\u0103r\u00e2ri judec\u0103tore\u015fti de am\u00e2nare a aplic\u0103rii pedepsei.<\/p>\n\n\n\n<p class=\"has-text-align-justify\"> Cele dou\u0103 solu\u0163ii, de condamnare sau de am\u00e2nare a aplic\u0103rii pedepsei reprezint\u0103 cazuri distincte de stingere a ac\u0163iunii penale, neput\u00e2ndu-se confunda una cu cealalt\u0103 \u00eentruc\u00e2t fiecare are consecin\u0163e diferit reglementate de dispozi\u0163iile NCP \u015fi NCPP.\u00a0<em>(Tribunalul Bra\u015fov, Sentin\u0163a civil\u0103 nr. 591\/2015, portal.just.ro)<\/em><\/p>\n\n\n\n<p class=\"has-text-align-justify\">Astfel, tragem concluzia de aici ca desi exista constatata infractiunea ca savarsita, daca totusi inculpatului i se aplica o masura de amanarea a alicarii pedepsei, serviciul public de permise auto , nu are dreptul sa ii anuleze permisul de conducere celui ce conform legii nu este supus niciunei interdictii, ba chiar mai mult de atat, prin hotararea de amanare a aplicarii pedepsei, permisul  de conducere trebuie restiuit celui care a primit o asemenea solutie din partea insantei penale. <\/p>\n\n\n\n<p class=\"has-text-align-justify\">Aceeasi situatie poate fi prezenta spre exemplu si in cazul unei persoane care <a rel=\"noreferrer noopener\" href=\"https:\/\/indrumari-juridice.eu\/indrumarijuridice\/alcoolemie-volan-refuz-recoltare-probe-biologice-accidente-auto-anuleaza-permisul-infractiuni-regimul-rutier\/\" target=\"_blank\">consuma alcool la volan<\/a>?<\/p>\n\n\n\n<h4 class=\"has-text-align-center wp-block-heading\">Poate fi amanata aplicarea pedepsei pentru  o infractiune de conducere sub influenta alcoolului?<\/h4>\n\n\n\n<p class=\"has-text-align-justify\">Acest lucru este aplicabil si acolo fiindca discutam despre indeplinirea conditiilor amanarii aplicarii pedepsei. <\/p>\n\n\n\n<p class=\"has-text-align-justify\">Practic, pentru a se putea dispune o asemenea masura, pedeapsa aplicata trebuie sa fie de maxim 2 ani, pentru infractiunea sarvarsita de catre inculpat chiar daca vorbim de concursul de infractiuni.<\/p>\n\n\n\n<p class=\"has-text-align-justify\">Astfel, o persoana chiar cu imbibatie alcoolica la volan, poate scapa cu permisul de conducere in buzunar, fara sa mai fie anulat de catre organele de politie.<\/p>\n\n\n\n<p>Av.Drd. Cuculis Adrian<\/p>\n\n\n\n<div class=\"wp-block-jetpack-contact-info\">\n<div class=\"wp-block-jetpack-email\"><a href=\"mailto:avocat@indrumari-juridice.eu\">avocat@indrumari-juridice.eu<\/a><\/div>\n\n\n\n<div class=\"wp-block-jetpack-phone\"><a href=\"tel:0722298011\">0722298011<\/a><\/div>\n<\/div>\n\n\n\n<p><\/p>\n","protected":false},"excerpt":{"rendered":"<p>Vedeti Daca Se Anuleaza Permisului De Conducere Daca Am Fost Depistati La Volan Sub Influenta Bauturilor Alcoolice Sau Daca Am Produs Un Accident Cu Victime? Condi\u021biile anul\u0103rii permisului de conducere. Contesta\u021bie admis\u0103 Conditii anulare permis conducere si cum putem sa scapam de o asemenea sanctiune? Conform art. 114 alin. 1 din OUG 195\/2002, \u201eanularea permisului [&hellip;]<\/p>\n","protected":false},"author":1,"featured_media":197052,"parent":0,"menu_order":0,"comment_status":"open","ping_status":"closed","template":"","meta":{"footnotes":""},"class_list":["post-9423","page","type-page","status-publish","has-post-thumbnail","hentry"],"yoast_head":"<!-- This site is optimized with the Yoast SEO Premium plugin v27.6 (Yoast SEO v27.6) - https:\/\/yoast.com\/product\/yoast-seo-premium-wordpress\/ -->\n<title>Conditii anulare permis conducere - avocat - Cuculis si Asociatii<\/title>\n<meta name=\"description\" content=\"Conditii anulare permis conducere - avocat - Cuculis si Asociatii Anularea Permisului De Conducere - Am permisul Anulat Cum Il Pot Recupera\" \/>\n<meta name=\"robots\" content=\"index, follow, max-snippet:-1, max-image-preview:large, max-video-preview:-1\" \/>\n<link rel=\"canonical\" href=\"https:\/\/indrumari-juridice.eu\/indrumarijuridice\/conditii-anulare-permis-conducere-avocat\/\" \/>\n<meta property=\"og:locale\" content=\"en_US\" \/>\n<meta property=\"og:type\" content=\"article\" \/>\n<meta property=\"og:title\" content=\"Se Anuleaza Permisul De Conducere Daca Sunt Prins Baut La Volan? Dar Daca Am Produs Un Accident Cu Victime?\" \/>\n<meta property=\"og:description\" content=\"Conditii anulare permis conducere - avocat - Cuculis si Asociatii Anularea Permisului De Conducere - Am permisul Anulat Cum Il Pot Recupera\" \/>\n<meta property=\"og:url\" content=\"https:\/\/indrumari-juridice.eu\/indrumarijuridice\/conditii-anulare-permis-conducere-avocat\/\" \/>\n<meta property=\"og:site_name\" content=\"Cuculis si Asociatii\" \/>\n<meta property=\"article:publisher\" content=\"https:\/\/www.facebook.com\/avocatcuculisadrian\" \/>\n<meta property=\"article:modified_time\" content=\"2020-06-01T14:29:06+00:00\" \/>\n<meta property=\"og:image\" content=\"https:\/\/indrumari-juridice.eu\/indrumarijuridice\/wp-content\/uploads\/2020\/05\/POLITIA.jpg\" \/>\n\t<meta property=\"og:image:width\" content=\"780\" \/>\n\t<meta property=\"og:image:height\" content=\"440\" \/>\n\t<meta property=\"og:image:type\" content=\"image\/jpeg\" \/>\n<meta name=\"twitter:card\" content=\"summary_large_image\" \/>\n<meta name=\"twitter:title\" content=\"Conditii anulare permis conducere - avocat\" \/>\n<meta name=\"twitter:site\" content=\"@indrumarij\" \/>\n<meta name=\"twitter:label1\" content=\"Est. reading time\" \/>\n\t<meta name=\"twitter:data1\" content=\"6 minutes\" \/>\n<script type=\"application\/ld+json\" class=\"yoast-schema-graph\">{\"@context\":\"https:\\\/\\\/schema.org\",\"@graph\":[{\"@type\":\"WebPage\",\"@id\":\"https:\\\/\\\/indrumari-juridice.eu\\\/indrumarijuridice\\\/conditii-anulare-permis-conducere-avocat\\\/\",\"url\":\"https:\\\/\\\/indrumari-juridice.eu\\\/indrumarijuridice\\\/conditii-anulare-permis-conducere-avocat\\\/\",\"name\":\"Conditii anulare permis conducere - avocat - Cuculis si Asociatii\",\"isPartOf\":{\"@id\":\"https:\\\/\\\/indrumari-juridice.eu\\\/indrumarijuridice\\\/#website\"},\"primaryImageOfPage\":{\"@id\":\"https:\\\/\\\/indrumari-juridice.eu\\\/indrumarijuridice\\\/conditii-anulare-permis-conducere-avocat\\\/#primaryimage\"},\"image\":{\"@id\":\"https:\\\/\\\/indrumari-juridice.eu\\\/indrumarijuridice\\\/conditii-anulare-permis-conducere-avocat\\\/#primaryimage\"},\"thumbnailUrl\":\"https:\\\/\\\/indrumari-juridice.eu\\\/indrumarijuridice\\\/wp-content\\\/uploads\\\/2020\\\/05\\\/POLITIA.jpg\",\"datePublished\":\"2020-05-08T09:49:00+00:00\",\"dateModified\":\"2020-06-01T14:29:06+00:00\",\"description\":\"Conditii anulare permis conducere - avocat - Cuculis si Asociatii Anularea Permisului De Conducere - Am permisul Anulat Cum Il Pot Recupera\",\"breadcrumb\":{\"@id\":\"https:\\\/\\\/indrumari-juridice.eu\\\/indrumarijuridice\\\/conditii-anulare-permis-conducere-avocat\\\/#breadcrumb\"},\"inLanguage\":\"en-US\",\"potentialAction\":[{\"@type\":\"ReadAction\",\"target\":[\"https:\\\/\\\/indrumari-juridice.eu\\\/indrumarijuridice\\\/conditii-anulare-permis-conducere-avocat\\\/\"]}]},{\"@type\":\"ImageObject\",\"inLanguage\":\"en-US\",\"@id\":\"https:\\\/\\\/indrumari-juridice.eu\\\/indrumarijuridice\\\/conditii-anulare-permis-conducere-avocat\\\/#primaryimage\",\"url\":\"https:\\\/\\\/indrumari-juridice.eu\\\/indrumarijuridice\\\/wp-content\\\/uploads\\\/2020\\\/05\\\/POLITIA.jpg\",\"contentUrl\":\"https:\\\/\\\/indrumari-juridice.eu\\\/indrumarijuridice\\\/wp-content\\\/uploads\\\/2020\\\/05\\\/POLITIA.jpg\",\"width\":780,\"height\":440},{\"@type\":\"BreadcrumbList\",\"@id\":\"https:\\\/\\\/indrumari-juridice.eu\\\/indrumarijuridice\\\/conditii-anulare-permis-conducere-avocat\\\/#breadcrumb\",\"itemListElement\":[{\"@type\":\"ListItem\",\"position\":1,\"name\":\"Home\",\"item\":\"https:\\\/\\\/indrumari-juridice.eu\\\/indrumarijuridice\\\/\"},{\"@type\":\"ListItem\",\"position\":2,\"name\":\"Conditii anulare permis conducere &#8211; avocat\"}]},{\"@type\":\"WebSite\",\"@id\":\"https:\\\/\\\/indrumari-juridice.eu\\\/indrumarijuridice\\\/#website\",\"url\":\"https:\\\/\\\/indrumari-juridice.eu\\\/indrumarijuridice\\\/\",\"name\":\"Cuculis si Asociatii\",\"description\":\"Birou de avocatura - Societatea De Avocati Cuculis&amp;Asociatii Indrumari Juridice Online Gratuite 031.412.48.88\",\"publisher\":{\"@id\":\"https:\\\/\\\/indrumari-juridice.eu\\\/indrumarijuridice\\\/#organization\"},\"potentialAction\":[{\"@type\":\"SearchAction\",\"target\":{\"@type\":\"EntryPoint\",\"urlTemplate\":\"https:\\\/\\\/indrumari-juridice.eu\\\/indrumarijuridice\\\/?s={search_term_string}\"},\"query-input\":{\"@type\":\"PropertyValueSpecification\",\"valueRequired\":true,\"valueName\":\"search_term_string\"}}],\"inLanguage\":\"en-US\"},{\"@type\":\"Organization\",\"@id\":\"https:\\\/\\\/indrumari-juridice.eu\\\/indrumarijuridice\\\/#organization\",\"name\":\"Societatea de Avocati Birou de Avocatura Cuculis si Asociatii\",\"url\":\"https:\\\/\\\/indrumari-juridice.eu\\\/indrumarijuridice\\\/\",\"logo\":{\"@type\":\"ImageObject\",\"inLanguage\":\"en-US\",\"@id\":\"https:\\\/\\\/indrumari-juridice.eu\\\/indrumarijuridice\\\/#\\\/schema\\\/logo\\\/image\\\/\",\"url\":\"https:\\\/\\\/indrumari-juridice.eu\\\/indrumarijuridice\\\/wp-content\\\/uploads\\\/2018\\\/06\\\/logo-cuculis-kg.jpg\",\"contentUrl\":\"https:\\\/\\\/indrumari-juridice.eu\\\/indrumarijuridice\\\/wp-content\\\/uploads\\\/2018\\\/06\\\/logo-cuculis-kg.jpg\",\"width\":370,\"height\":71,\"caption\":\"Societatea de Avocati Birou de Avocatura Cuculis si Asociatii\"},\"image\":{\"@id\":\"https:\\\/\\\/indrumari-juridice.eu\\\/indrumarijuridice\\\/#\\\/schema\\\/logo\\\/image\\\/\"},\"sameAs\":[\"https:\\\/\\\/www.facebook.com\\\/avocatcuculisadrian\",\"https:\\\/\\\/x.com\\\/indrumarij\",\"https:\\\/\\\/www.youtube.com\\\/user\\\/IndrumariJuridice\"]}]}<\/script>\n<!-- \/ Yoast SEO Premium plugin. -->","yoast_head_json":{"title":"Conditii anulare permis conducere - avocat - Cuculis si Asociatii","description":"Conditii anulare permis conducere - avocat - Cuculis si Asociatii Anularea Permisului De Conducere - Am permisul Anulat Cum Il Pot Recupera","robots":{"index":"index","follow":"follow","max-snippet":"max-snippet:-1","max-image-preview":"max-image-preview:large","max-video-preview":"max-video-preview:-1"},"canonical":"https:\/\/indrumari-juridice.eu\/indrumarijuridice\/conditii-anulare-permis-conducere-avocat\/","og_locale":"en_US","og_type":"article","og_title":"Se Anuleaza Permisul De Conducere Daca Sunt Prins Baut La Volan? Dar Daca Am Produs Un Accident Cu Victime?","og_description":"Conditii anulare permis conducere - avocat - Cuculis si Asociatii Anularea Permisului De Conducere - Am permisul Anulat Cum Il Pot Recupera","og_url":"https:\/\/indrumari-juridice.eu\/indrumarijuridice\/conditii-anulare-permis-conducere-avocat\/","og_site_name":"Cuculis si Asociatii","article_publisher":"https:\/\/www.facebook.com\/avocatcuculisadrian","article_modified_time":"2020-06-01T14:29:06+00:00","og_image":[{"width":780,"height":440,"url":"https:\/\/indrumari-juridice.eu\/indrumarijuridice\/wp-content\/uploads\/2020\/05\/POLITIA.jpg","type":"image\/jpeg"}],"twitter_card":"summary_large_image","twitter_title":"Conditii anulare permis conducere - avocat","twitter_site":"@indrumarij","twitter_misc":{"Est. reading time":"6 minutes"},"schema":{"@context":"https:\/\/schema.org","@graph":[{"@type":"WebPage","@id":"https:\/\/indrumari-juridice.eu\/indrumarijuridice\/conditii-anulare-permis-conducere-avocat\/","url":"https:\/\/indrumari-juridice.eu\/indrumarijuridice\/conditii-anulare-permis-conducere-avocat\/","name":"Conditii anulare permis conducere - avocat - Cuculis si Asociatii","isPartOf":{"@id":"https:\/\/indrumari-juridice.eu\/indrumarijuridice\/#website"},"primaryImageOfPage":{"@id":"https:\/\/indrumari-juridice.eu\/indrumarijuridice\/conditii-anulare-permis-conducere-avocat\/#primaryimage"},"image":{"@id":"https:\/\/indrumari-juridice.eu\/indrumarijuridice\/conditii-anulare-permis-conducere-avocat\/#primaryimage"},"thumbnailUrl":"https:\/\/indrumari-juridice.eu\/indrumarijuridice\/wp-content\/uploads\/2020\/05\/POLITIA.jpg","datePublished":"2020-05-08T09:49:00+00:00","dateModified":"2020-06-01T14:29:06+00:00","description":"Conditii anulare permis conducere - avocat - Cuculis si Asociatii Anularea Permisului De Conducere - Am permisul Anulat Cum Il Pot Recupera","breadcrumb":{"@id":"https:\/\/indrumari-juridice.eu\/indrumarijuridice\/conditii-anulare-permis-conducere-avocat\/#breadcrumb"},"inLanguage":"en-US","potentialAction":[{"@type":"ReadAction","target":["https:\/\/indrumari-juridice.eu\/indrumarijuridice\/conditii-anulare-permis-conducere-avocat\/"]}]},{"@type":"ImageObject","inLanguage":"en-US","@id":"https:\/\/indrumari-juridice.eu\/indrumarijuridice\/conditii-anulare-permis-conducere-avocat\/#primaryimage","url":"https:\/\/indrumari-juridice.eu\/indrumarijuridice\/wp-content\/uploads\/2020\/05\/POLITIA.jpg","contentUrl":"https:\/\/indrumari-juridice.eu\/indrumarijuridice\/wp-content\/uploads\/2020\/05\/POLITIA.jpg","width":780,"height":440},{"@type":"BreadcrumbList","@id":"https:\/\/indrumari-juridice.eu\/indrumarijuridice\/conditii-anulare-permis-conducere-avocat\/#breadcrumb","itemListElement":[{"@type":"ListItem","position":1,"name":"Home","item":"https:\/\/indrumari-juridice.eu\/indrumarijuridice\/"},{"@type":"ListItem","position":2,"name":"Conditii anulare permis conducere &#8211; avocat"}]},{"@type":"WebSite","@id":"https:\/\/indrumari-juridice.eu\/indrumarijuridice\/#website","url":"https:\/\/indrumari-juridice.eu\/indrumarijuridice\/","name":"Cuculis si Asociatii","description":"Birou de avocatura - Societatea De Avocati Cuculis&amp;Asociatii Indrumari Juridice Online Gratuite 031.412.48.88","publisher":{"@id":"https:\/\/indrumari-juridice.eu\/indrumarijuridice\/#organization"},"potentialAction":[{"@type":"SearchAction","target":{"@type":"EntryPoint","urlTemplate":"https:\/\/indrumari-juridice.eu\/indrumarijuridice\/?s={search_term_string}"},"query-input":{"@type":"PropertyValueSpecification","valueRequired":true,"valueName":"search_term_string"}}],"inLanguage":"en-US"},{"@type":"Organization","@id":"https:\/\/indrumari-juridice.eu\/indrumarijuridice\/#organization","name":"Societatea de Avocati Birou de Avocatura Cuculis si Asociatii","url":"https:\/\/indrumari-juridice.eu\/indrumarijuridice\/","logo":{"@type":"ImageObject","inLanguage":"en-US","@id":"https:\/\/indrumari-juridice.eu\/indrumarijuridice\/#\/schema\/logo\/image\/","url":"https:\/\/indrumari-juridice.eu\/indrumarijuridice\/wp-content\/uploads\/2018\/06\/logo-cuculis-kg.jpg","contentUrl":"https:\/\/indrumari-juridice.eu\/indrumarijuridice\/wp-content\/uploads\/2018\/06\/logo-cuculis-kg.jpg","width":370,"height":71,"caption":"Societatea de Avocati Birou de Avocatura Cuculis si Asociatii"},"image":{"@id":"https:\/\/indrumari-juridice.eu\/indrumarijuridice\/#\/schema\/logo\/image\/"},"sameAs":["https:\/\/www.facebook.com\/avocatcuculisadrian","https:\/\/x.com\/indrumarij","https:\/\/www.youtube.com\/user\/IndrumariJuridice"]}]}},"jetpack_shortlink":"https:\/\/wp.me\/P3Vc4J-2rZ","jetpack_sharing_enabled":true,"_links":{"self":[{"href":"https:\/\/indrumari-juridice.eu\/indrumarijuridice\/wp-json\/wp\/v2\/pages\/9423","targetHints":{"allow":["GET"]}}],"collection":[{"href":"https:\/\/indrumari-juridice.eu\/indrumarijuridice\/wp-json\/wp\/v2\/pages"}],"about":[{"href":"https:\/\/indrumari-juridice.eu\/indrumarijuridice\/wp-json\/wp\/v2\/types\/page"}],"author":[{"embeddable":true,"href":"https:\/\/indrumari-juridice.eu\/indrumarijuridice\/wp-json\/wp\/v2\/users\/1"}],"replies":[{"embeddable":true,"href":"https:\/\/indrumari-juridice.eu\/indrumarijuridice\/wp-json\/wp\/v2\/comments?post=9423"}],"version-history":[{"count":0,"href":"https:\/\/indrumari-juridice.eu\/indrumarijuridice\/wp-json\/wp\/v2\/pages\/9423\/revisions"}],"wp:featuredmedia":[{"embeddable":true,"href":"https:\/\/indrumari-juridice.eu\/indrumarijuridice\/wp-json\/wp\/v2\/media\/197052"}],"wp:attachment":[{"href":"https:\/\/indrumari-juridice.eu\/indrumarijuridice\/wp-json\/wp\/v2\/media?parent=9423"}],"curies":[{"name":"wp","href":"https:\/\/api.w.org\/{rel}","templated":true}]}}